{"id":15879,"date":"2016-06-22T14:12:28","date_gmt":"2016-06-22T12:12:28","guid":{"rendered":"http:\/\/www.droesler.at\/?page_id=15879"},"modified":"2024-10-11T10:36:06","modified_gmt":"2024-10-11T08:36:06","slug":"impressum","status":"publish","type":"page","link":"https:\/\/www.droesler.at\/index.php\/impressum\/","title":{"rendered":"Impressum"},"content":{"rendered":"<p>[vc_row css_animation=&#8220;&#8220; row_type=&#8220;row&#8220; use_row_as_full_screen_section=&#8220;no&#8220; type=&#8220;grid&#8220; angled_section=&#8220;no&#8220; text_align=&#8220;left&#8220; background_image_as_pattern=&#8220;without_pattern&#8220; padding_top=&#8220;100&#8243; el_class=&#8220;icon_border&#8220;][vc_column][vc_column_text]<\/p>\n<h2 style=\"text-align: center;\">Impressum<\/h2>\n<p>[\/vc_column_text][vc_separator type=&#8220;small&#8220; position=&#8220;center&#8220; up=&#8220;30&#8243; down=&#8220;0&#8243;][\/vc_column][\/vc_row][vc_row css_animation=&#8220;&#8220; row_type=&#8220;row&#8220; use_row_as_full_screen_section=&#8220;no&#8220; type=&#8220;grid&#8220; angled_section=&#8220;no&#8220; text_align=&#8220;left&#8220; background_image_as_pattern=&#8220;without_pattern&#8220; padding_top=&#8220;60&#8243; padding_bottom=&#8220;60&#8243; el_class=&#8220;icon_border&#8220;][vc_column][vc_row_inner row_type=&#8220;row&#8220; type=&#8220;full_width&#8220; text_align=&#8220;left&#8220; css_animation=&#8220;&#8220;][vc_column_inner width=&#8220;1\/3&#8243;][vc_column_text]<\/p>\n<h5>Offenlegung gem\u00e4\u00df<br \/>\n\u00a7 5 E-Commerce-Gesetz<\/h5>\n<p>[\/vc_column_text][vc_separator type=&#8220;small&#8220; position=&#8220;left&#8220; up=&#8220;15&#8243; down=&#8220;15&#8243;][\/vc_column_inner][vc_column_inner width=&#8220;1\/3&#8243;][vc_column_text]Rechtsanw\u00e4ltin Mag. Christina\u00a0Dr\u00f6sler<\/p>\n<p>KANZLEI<br \/>\nStrohgasse 43\/15, 1030 Wien<\/p>\n<p>SPRECHSTELLE<br \/>\nBrunnenstra\u00dfe 21, 7331 Tschurndorf<\/p>\n<p>TEL +43 1 997 19 32<br \/>\nFAX +43 1 997 19 32-10<\/p>\n<p><a href=\"mailto:office@droesler.at\">office@droesler.at<\/a><br \/>\n<a href=\"http:\/\/www.droesler.at\">www.droesler.at<\/a>[\/vc_column_text][\/vc_column_inner][vc_column_inner width=&#8220;1\/3&#8243;][vc_column_text]Mitglied der Rechtsanwaltskammer Wien<br \/>\nAnwendbares Standesrecht (RAO, RL-BA)<br \/>\nabrufbar unter <a href=\"http:\/\/www.oerak.at\" target=\"_blank\" rel=\"noopener\">www.oerak.at<\/a><\/p>\n<p>UID-Nummer: ATU 65402619<br \/>\nRA-Code: R169754<\/p>\n<p>Diese Webseite enth\u00e4lt Links zu externen Webseiten auf deren Inhalt wir keinen Einfluss haben. Deshalb k\u00f6nnen wir f\u00fcr diese Inhalte keine Gew\u00e4hr \u00fcbernehmen.[\/vc_column_text][\/vc_column_inner][\/vc_row_inner][\/vc_column][\/vc_row]<\/p>\n","protected":false},"excerpt":{"rendered":"<p>[vc_row css_animation=&#8220;&#8220; row_type=&#8220;row&#8220; use_row_as_full_screen_section=&#8220;no&#8220; type=&#8220;grid&#8220; angled_section=&#8220;no&#8220; text_align=&#8220;left&#8220; background_image_as_pattern=&#8220;without_pattern&#8220; padding_top=&#8220;100&#8243; el_class=&#8220;icon_border&#8220;][vc_column][vc_column_text] Impressum [\/vc_column_text][vc_separator type=&#8220;small&#8220; position=&#8220;center&#8220; up=&#8220;30&#8243; down=&#8220;0&#8243;][\/vc_column][\/vc_row][vc_row css_animation=&#8220;&#8220; row_type=&#8220;row&#8220; use_row_as_full_screen_section=&#8220;no&#8220; type=&#8220;grid&#8220; angled_section=&#8220;no&#8220; text_align=&#8220;left&#8220; background_image_as_pattern=&#8220;without_pattern&#8220; padding_top=&#8220;60&#8243; padding_bottom=&#8220;60&#8243; el_class=&#8220;icon_border&#8220;][vc_column][vc_row_inner row_type=&#8220;row&#8220; type=&#8220;full_width&#8220; text_align=&#8220;left&#8220; css_animation=&#8220;&#8220;][vc_column_inner width=&#8220;1\/3&#8243;][vc_column_text] Offenlegung gem\u00e4\u00df \u00a7 5 E-Commerce-Gesetz [\/vc_column_text][vc_separator type=&#8220;small&#8220; position=&#8220;left&#8220; up=&#8220;15&#8243; down=&#8220;15&#8243;][\/vc_column_inner][vc_column_inner width=&#8220;1\/3&#8243;][vc_column_text]Rechtsanw\u00e4ltin Mag. Christina\u00a0Dr\u00f6sler KANZLEI&#8230;<\/p>\n","protected":false},"author":1,"featured_media":0,"parent":0,"menu_order":0,"comment_status":"open","ping_status":"open","template":"full_width.php","meta":[],"_links":{"self":[{"href":"https:\/\/www.droesler.at\/index.php\/wp-json\/wp\/v2\/pages\/15879"}],"collection":[{"href":"https:\/\/www.droesler.at\/index.php\/wp-json\/wp\/v2\/pages"}],"about":[{"href":"https:\/\/www.droesler.at\/index.php\/wp-json\/wp\/v2\/types\/page"}],"author":[{"embeddable":true,"href":"https:\/\/www.droesler.at\/index.php\/wp-json\/wp\/v2\/users\/1"}],"replies":[{"embeddable":true,"href":"https:\/\/www.droesler.at\/index.php\/wp-json\/wp\/v2\/comments?post=15879"}],"version-history":[{"count":6,"href":"https:\/\/www.droesler.at\/index.php\/wp-json\/wp\/v2\/pages\/15879\/revisions"}],"predecessor-version":[{"id":15917,"href":"https:\/\/www.droesler.at\/index.php\/wp-json\/wp\/v2\/pages\/15879\/revisions\/15917"}],"wp:attachment":[{"href":"https:\/\/www.droesler.at\/index.php\/wp-json\/wp\/v2\/media?parent=15879"}],"curies":[{"name":"wp","href":"https:\/\/api.w.org\/{rel}","templated":true}]}}