{"id":14869,"date":"2014-05-20T07:51:11","date_gmt":"2014-05-20T07:51:11","guid":{"rendered":"http:\/\/demo.qodeinteractive.com\/bridge46\/?page_id=14869"},"modified":"2016-06-22T15:17:27","modified_gmt":"2016-06-22T13:17:27","slug":"home","status":"publish","type":"page","link":"https:\/\/www.droesler.at\/","title":{"rendered":"Home"},"content":{"rendered":"<p>[vc_row row_type=&#8220;row&#8220; use_row_as_full_screen_section=&#8220;no&#8220; type=&#8220;grid&#8220; angled_section=&#8220;no&#8220; text_align=&#8220;center&#8220; background_image_as_pattern=&#8220;without_pattern&#8220; background_color=&#8220;#93181c&#8220; padding_top=&#8220;45&#8243; padding_bottom=&#8220;45&#8243; css_animation=&#8220;&#8220;][vc_column]<div class=\"custom_font_holder\" style=\" font-size: 16px; line-height: 22px; font-style: normal; font-weight: 400; color: #ffffff; text-decoration: none; letter-spacing: 0px; text-align: center;\">Der Schwerpunkt meiner T\u00e4tigkeit liegt vor allem im Miet-, Wohn- und Liegenschaftsrecht, aber auch im Allgemeinen Zivilrecht.<\/div>[\/vc_column][\/vc_row][vc_row row_type=&#8220;row&#8220; use_row_as_full_screen_section=&#8220;no&#8220; type=&#8220;grid&#8220; angled_section=&#8220;no&#8220; text_align=&#8220;left&#8220; background_image_as_pattern=&#8220;without_pattern&#8220; padding_top=&#8220;100&#8243; padding_bottom=&#8220;100&#8243; css_animation=&#8220;&#8220; el_class=&#8220;icon_border&#8220;][vc_column][vc_row_inner row_type=&#8220;row&#8220; type=&#8220;full_width&#8220; text_align=&#8220;left&#8220; css_animation=&#8220;&#8220;][vc_column_inner width=&#8220;1\/3&#8243;][vc_column_text]<\/p>\n<h5>Expertin f\u00fcr Immobilienrecht<\/h5>\n<p>[\/vc_column_text][vc_separator type=&#8220;small&#8220; position=&#8220;left&#8220; width=&#8220;30&#8243; up=&#8220;24&#8243; down=&#8220;22&#8243;][vc_column_text]Als dynamische und engagierte Rechtsanw\u00e4ltin betreue ich meine Klientinnen und Klienten in s\u00e4mtlichen Bereichen des Immobilienrechts.[\/vc_column_text][\/vc_column_inner][vc_column_inner width=&#8220;1\/3&#8243;][vc_column_text]<\/p>\n<h5>engagierte Rechtsberatung<\/h5>\n<p>[\/vc_column_text][vc_separator type=&#8220;small&#8220; position=&#8220;left&#8220; width=&#8220;30&#8243; up=&#8220;24&#8243; down=&#8220;22&#8243;][vc_column_text]Ich biete pers\u00f6nliche und engagierte Rechtsberatung sowie Vertretung vor Gerichten und Beh\u00f6rden. Dadurch verhelfe ich meinen Klientinnen und Klienten zu einer raschen Durchsetzung ihrer Anspr\u00fcche.[\/vc_column_text][\/vc_column_inner][vc_column_inner width=&#8220;1\/3&#8243;][vc_column_text]<\/p>\n<h5>Pers\u00f6nliche Betreuung<\/h5>\n<p>[\/vc_column_text][vc_separator type=&#8220;small&#8220; position=&#8220;left&#8220; width=&#8220;30&#8243; up=&#8220;24&#8243; down=&#8220;22&#8243;][vc_column_text]Selbstverst\u00e4ndlich betreue ich s\u00e4mtliche Causen pers\u00f6nlich, um die h\u00f6chstm\u00f6gliche Zufriedenheit meiner Klientinnen und Klienten zu gew\u00e4hrleisten.[\/vc_column_text][\/vc_column_inner][\/vc_row_inner][\/vc_column][\/vc_row]<\/p>\n","protected":false},"excerpt":{"rendered":"<p>[vc_row row_type=&#8220;row&#8220; use_row_as_full_screen_section=&#8220;no&#8220; type=&#8220;grid&#8220; angled_section=&#8220;no&#8220; text_align=&#8220;center&#8220; background_image_as_pattern=&#8220;without_pattern&#8220; background_color=&#8220;#93181c&#8220; padding_top=&#8220;45&#8243; padding_bottom=&#8220;45&#8243; css_animation=&#8220;&#8220;][vc_column][\/vc_column][\/vc_row][vc_row row_type=&#8220;row&#8220; use_row_as_full_screen_section=&#8220;no&#8220; type=&#8220;grid&#8220; angled_section=&#8220;no&#8220; text_align=&#8220;left&#8220; background_image_as_pattern=&#8220;without_pattern&#8220; padding_top=&#8220;100&#8243; padding_bottom=&#8220;100&#8243; css_animation=&#8220;&#8220; el_class=&#8220;icon_border&#8220;][vc_column][vc_row_inner row_type=&#8220;row&#8220; type=&#8220;full_width&#8220; text_align=&#8220;left&#8220; css_animation=&#8220;&#8220;][vc_column_inner width=&#8220;1\/3&#8243;][vc_column_text] Expertin f\u00fcr Immobilienrecht [\/vc_column_text][vc_separator type=&#8220;small&#8220; position=&#8220;left&#8220; width=&#8220;30&#8243; up=&#8220;24&#8243; down=&#8220;22&#8243;][vc_column_text]Als dynamische und engagierte Rechtsanw\u00e4ltin betreue ich meine Klientinnen und Klienten&#8230;<\/p>\n","protected":false},"author":1,"featured_media":0,"parent":0,"menu_order":0,"comment_status":"open","ping_status":"open","template":"full_width.php","meta":[],"_links":{"self":[{"href":"https:\/\/www.droesler.at\/index.php\/wp-json\/wp\/v2\/pages\/14869"}],"collection":[{"href":"https:\/\/www.droesler.at\/index.php\/wp-json\/wp\/v2\/pages"}],"about":[{"href":"https:\/\/www.droesler.at\/index.php\/wp-json\/wp\/v2\/types\/page"}],"author":[{"embeddable":true,"href":"https:\/\/www.droesler.at\/index.php\/wp-json\/wp\/v2\/users\/1"}],"replies":[{"embeddable":true,"href":"https:\/\/www.droesler.at\/index.php\/wp-json\/wp\/v2\/comments?post=14869"}],"version-history":[{"count":8,"href":"https:\/\/www.droesler.at\/index.php\/wp-json\/wp\/v2\/pages\/14869\/revisions"}],"predecessor-version":[{"id":15740,"href":"https:\/\/www.droesler.at\/index.php\/wp-json\/wp\/v2\/pages\/14869\/revisions\/15740"}],"wp:attachment":[{"href":"https:\/\/www.droesler.at\/index.php\/wp-json\/wp\/v2\/media?parent=14869"}],"curies":[{"name":"wp","href":"https:\/\/api.w.org\/{rel}","templated":true}]}}